{"id":9,"date":"2022-12-29T15:16:10","date_gmt":"2022-12-29T15:16:10","guid":{"rendered":"https:\/\/www.unmardetrasteros.com\/unmardetrasteros\/?page_id=9"},"modified":"2023-01-13T06:53:13","modified_gmt":"2023-01-13T06:53:13","slug":"acerca-de","status":"publish","type":"page","link":"https:\/\/www.unmardetrasteros.com\/unmardetrasteros\/index.php\/acerca-de\/","title":{"rendered":"Nuestra empresa"},"content":{"rendered":"\n<p>Un mar de trasteros es una empresa familiar dedicada al almacenaje de todo tipo de enseres de forma segura..<\/p>\n\n\n\n<p>Nuestra principal funci\u00f3n es que est\u00e9s contento con el servicio que ofrecemos y por supuesto en ampliar nuestra capacidad y compromiso por satisfacer sus necesidades. Trasteros de 1,5 m2 a 4,5 m2 y con una altura de 3 metros siendo perfecto para ordenar y guardar tus objetos.<\/p>\n\n\n\n<p>Los trasteros de <strong>Unmardetrastreros<\/strong>, disponen de trasteros ajustados para tus necesidades. Nuestro edificio dispone de todas las medidas de seguridad y accesibilidad para tu tranquilidad, y puedes beneficiarte de todo ello con un \u00fanico contrato.<\/p>\n\n\n\n<div class=\"wp-block-columns is-layout-flex wp-container-core-columns-is-layout-9d6595d7 wp-block-columns-is-layout-flex\">\n<div class=\"wp-block-column is-layout-flow wp-block-column-is-layout-flow\">\n<figure class=\"wp-block-image size-large is-resized\"><img loading=\"lazy\" decoding=\"async\" src=\"http:\/\/www.unmardetrasteros.com\/unmardetrasteros\/wp-content\/uploads\/2022\/12\/image_67182593-768x1024.jpg\" alt=\"\" class=\"wp-image-21\" width=\"303\" height=\"403\" srcset=\"https:\/\/www.unmardetrasteros.com\/unmardetrasteros\/wp-content\/uploads\/2022\/12\/image_67182593-768x1024.jpg 768w, https:\/\/www.unmardetrasteros.com\/unmardetrasteros\/wp-content\/uploads\/2022\/12\/image_67182593-225x300.jpg 225w, https:\/\/www.unmardetrasteros.com\/unmardetrasteros\/wp-content\/uploads\/2022\/12\/image_67182593-1152x1536.jpg 1152w, https:\/\/www.unmardetrasteros.com\/unmardetrasteros\/wp-content\/uploads\/2022\/12\/image_67182593-1536x2048.jpg 1536w, https:\/\/www.unmardetrasteros.com\/unmardetrasteros\/wp-content\/uploads\/2022\/12\/image_67182593-scaled.jpg 1920w\" sizes=\"auto, (max-width: 303px) 100vw, 303px\" \/><\/figure>\n\n\n\n<p style=\"font-size:14px\"><strong>Acceso a la instalaci\u00f3n. <\/strong><\/p>\n\n\n\n<p style=\"font-size:14px\">Disponemos de espacios de diferentes tama\u00f1os, desde de 1,5 m<sup>2<\/sup>, ideal para guardar herramientas, maletas, utensilios de deporte,  ropa , bicicletas y tenemos trasteros hasta de 4,5 m<sup>2<\/sup>, con capacidad suficiente para los guardar todo lo que tienes en tu vivienda que no utilizas d\u00eda a d\u00eda como los objetos de navidad que los volver\u00e1s a utilizar en la navidad siguiente o cosas que en casa te estorban y que no te quieres deshacer de ellas. La altura de nuestros trasteros es de 3 metros haciendo que el trastero sea perfecto para poner poner objetos altos.<br><\/p>\n<\/div>\n\n\n\n<div class=\"wp-block-column is-layout-flow wp-block-column-is-layout-flow\">\n<div style=\"height:100px\" aria-hidden=\"true\" class=\"wp-block-spacer\"><\/div>\n\n\n\n<p style=\"font-size:14px\"><strong>Nuestros trasteros.<\/strong><br>Los trasteros son ideales para guardar de forma segura objetos dom\u00e9sticos que estorban y se acumulan en casa. En nuestros trasteros podr\u00e1s disponer de ellos en cualquier momento y puedes alargarlo lo que t\u00fa necesite. Pregunta en nuestro tel\u00e9fono de contacto.<\/p>\n\n\n\n<p><\/p>\n\n\n\n<figure class=\"wp-block-image size-large\"><img loading=\"lazy\" decoding=\"async\" width=\"768\" height=\"1024\" src=\"http:\/\/www.unmardetrasteros.com\/unmardetrasteros\/wp-content\/uploads\/2022\/12\/image_67183361-768x1024.jpg\" alt=\"\" class=\"wp-image-17\" srcset=\"https:\/\/www.unmardetrasteros.com\/unmardetrasteros\/wp-content\/uploads\/2022\/12\/image_67183361-768x1024.jpg 768w, https:\/\/www.unmardetrasteros.com\/unmardetrasteros\/wp-content\/uploads\/2022\/12\/image_67183361-225x300.jpg 225w, https:\/\/www.unmardetrasteros.com\/unmardetrasteros\/wp-content\/uploads\/2022\/12\/image_67183361-1152x1536.jpg 1152w, https:\/\/www.unmardetrasteros.com\/unmardetrasteros\/wp-content\/uploads\/2022\/12\/image_67183361-1536x2048.jpg 1536w, https:\/\/www.unmardetrasteros.com\/unmardetrasteros\/wp-content\/uploads\/2022\/12\/image_67183361-scaled.jpg 1920w\" sizes=\"auto, (max-width: 768px) 100vw, 768px\" \/><\/figure>\n<\/div>\n<\/div>\n","protected":false},"excerpt":{"rendered":"<p>Un mar de trasteros es una empresa familiar dedicada al almacenaje de todo tipo de enseres de forma segura.. Nuestra principal funci\u00f3n es que est\u00e9s contento con el servicio que ofrecemos y por supuesto en ampliar nuestra capacidad y compromiso por satisfacer sus necesidades. Trasteros de 1,5 m2 a 4,5 m2 y con una altura &hellip; <\/p>\n<p class=\"link-more\"><a href=\"https:\/\/www.unmardetrasteros.com\/unmardetrasteros\/index.php\/acerca-de\/\" class=\"more-link\">Read more<span class=\"screen-reader-text\"> &#8220;Nuestra empresa&#8221;<\/span><\/a><\/p>\n","protected":false},"author":1,"featured_media":22,"parent":0,"menu_order":0,"comment_status":"closed","ping_status":"closed","template":"","meta":{"footnotes":""},"class_list":["post-9","page","type-page","status-publish","has-post-thumbnail","hentry"],"_links":{"self":[{"href":"https:\/\/www.unmardetrasteros.com\/unmardetrasteros\/index.php\/wp-json\/wp\/v2\/pages\/9","targetHints":{"allow":["GET"]}}],"collection":[{"href":"https:\/\/www.unmardetrasteros.com\/unmardetrasteros\/index.php\/wp-json\/wp\/v2\/pages"}],"about":[{"href":"https:\/\/www.unmardetrasteros.com\/unmardetrasteros\/index.php\/wp-json\/wp\/v2\/types\/page"}],"author":[{"embeddable":true,"href":"https:\/\/www.unmardetrasteros.com\/unmardetrasteros\/index.php\/wp-json\/wp\/v2\/users\/1"}],"replies":[{"embeddable":true,"href":"https:\/\/www.unmardetrasteros.com\/unmardetrasteros\/index.php\/wp-json\/wp\/v2\/comments?post=9"}],"version-history":[{"count":10,"href":"https:\/\/www.unmardetrasteros.com\/unmardetrasteros\/index.php\/wp-json\/wp\/v2\/pages\/9\/revisions"}],"predecessor-version":[{"id":105,"href":"https:\/\/www.unmardetrasteros.com\/unmardetrasteros\/index.php\/wp-json\/wp\/v2\/pages\/9\/revisions\/105"}],"wp:featuredmedia":[{"embeddable":true,"href":"https:\/\/www.unmardetrasteros.com\/unmardetrasteros\/index.php\/wp-json\/wp\/v2\/media\/22"}],"wp:attachment":[{"href":"https:\/\/www.unmardetrasteros.com\/unmardetrasteros\/index.php\/wp-json\/wp\/v2\/media?parent=9"}],"curies":[{"name":"wp","href":"https:\/\/api.w.org\/{rel}","templated":true}]}}