{"id":8,"date":"2022-12-29T15:16:10","date_gmt":"2022-12-29T15:16:10","guid":{"rendered":"https:\/\/www.unmardetrasteros.com\/unmardetrasteros\/?page_id=8"},"modified":"2023-01-13T06:51:57","modified_gmt":"2023-01-13T06:51:57","slug":"inicio","status":"publish","type":"page","link":"https:\/\/www.unmardetrasteros.com\/unmardetrasteros\/","title":{"rendered":"Objetos personales en espacios excepcionales"},"content":{"rendered":"\n<p class=\"has-text-align-center\">Nuestros espacios son luminosos, limpios y desinfectados cada mes. Acceso a la zona de descarga cubierta perfecta para veh\u00edculos. Nuestra ubicaci\u00f3n es c\u00e9ntrica y muy bien comunicada.<\/p>\n\n\n\n<p class=\"has-text-align-center\">Podr\u00e1s alquilar un trastero con acceso los 365 d\u00edas del a\u00f1o con todas las comodidades y con total seguridad. Los trasteros de <strong>Unmardetrasteros<\/strong> son flexibles y tenemos opciones adaptadas a lo que buscas.<\/p>\n\n\n\n<p class=\"has-text-align-center\">En <strong>Unmardetrasteros<\/strong> te ayudaremos a encontrar el espacio que necesitas. Puedes acercarte a nuestro centro para recibir informaci\u00f3n o llamar a nuestro tel\u00e9fono. Alquila el trastero <strong>Unmardetrasteros<\/strong> que m\u00e1s se adapte a tus necesidades y por el tiempo que necesites.<\/p>\n","protected":false},"excerpt":{"rendered":"<p>Nuestros espacios son luminosos, limpios y desinfectados cada mes. Acceso a la zona de descarga cubierta perfecta para veh\u00edculos. Nuestra ubicaci\u00f3n es c\u00e9ntrica y muy bien comunicada. Podr\u00e1s alquilar un trastero con acceso los 365 d\u00edas del a\u00f1o con todas las comodidades y con total seguridad. Los trasteros de Unmardetrasteros son flexibles y tenemos opciones &hellip; <\/p>\n<p class=\"link-more\"><a href=\"https:\/\/www.unmardetrasteros.com\/unmardetrasteros\/\" class=\"more-link\">Read more<span class=\"screen-reader-text\"> &#8220;Objetos personales en espacios excepcionales&#8221;<\/span><\/a><\/p>\n","protected":false},"author":1,"featured_media":0,"parent":0,"menu_order":0,"comment_status":"closed","ping_status":"closed","template":"","meta":{"footnotes":""},"class_list":["post-8","page","type-page","status-publish","hentry"],"_links":{"self":[{"href":"https:\/\/www.unmardetrasteros.com\/unmardetrasteros\/index.php\/wp-json\/wp\/v2\/pages\/8","targetHints":{"allow":["GET"]}}],"collection":[{"href":"https:\/\/www.unmardetrasteros.com\/unmardetrasteros\/index.php\/wp-json\/wp\/v2\/pages"}],"about":[{"href":"https:\/\/www.unmardetrasteros.com\/unmardetrasteros\/index.php\/wp-json\/wp\/v2\/types\/page"}],"author":[{"embeddable":true,"href":"https:\/\/www.unmardetrasteros.com\/unmardetrasteros\/index.php\/wp-json\/wp\/v2\/users\/1"}],"replies":[{"embeddable":true,"href":"https:\/\/www.unmardetrasteros.com\/unmardetrasteros\/index.php\/wp-json\/wp\/v2\/comments?post=8"}],"version-history":[{"count":4,"href":"https:\/\/www.unmardetrasteros.com\/unmardetrasteros\/index.php\/wp-json\/wp\/v2\/pages\/8\/revisions"}],"predecessor-version":[{"id":103,"href":"https:\/\/www.unmardetrasteros.com\/unmardetrasteros\/index.php\/wp-json\/wp\/v2\/pages\/8\/revisions\/103"}],"wp:attachment":[{"href":"https:\/\/www.unmardetrasteros.com\/unmardetrasteros\/index.php\/wp-json\/wp\/v2\/media?parent=8"}],"curies":[{"name":"wp","href":"https:\/\/api.w.org\/{rel}","templated":true}]}}