{"id":65,"date":"2022-12-30T08:31:48","date_gmt":"2022-12-30T08:31:48","guid":{"rendered":"https:\/\/www.unmardetrasteros.com\/unmardetrasteros\/?page_id=65"},"modified":"2023-01-12T14:06:24","modified_gmt":"2023-01-12T14:06:24","slug":"nuestros-servicios","status":"publish","type":"page","link":"https:\/\/www.unmardetrasteros.com\/unmardetrasteros\/index.php\/nuestros-servicios\/","title":{"rendered":"Nuestros servicios"},"content":{"rendered":"\n<p>Protege tus propiedades en una sofisticada unidad de almacenamiento vigilada las 24 horas del d\u00eda todos los d\u00edas del a\u00f1o con tranquilidad.<\/p>\n\n\n\n<figure class=\"wp-block-gallery has-nested-images columns-default is-cropped wp-block-gallery-1 is-layout-flex wp-block-gallery-is-layout-flex\">\n<figure class=\"wp-block-image size-large\"><img loading=\"lazy\" decoding=\"async\" width=\"768\" height=\"1024\" data-id=\"16\" src=\"https:\/\/www.unmardetrasteros.com\/unmardetrasteros\/wp-content\/uploads\/2022\/12\/image_67192065-768x1024.jpg\" alt=\"\" class=\"wp-image-16\" srcset=\"https:\/\/www.unmardetrasteros.com\/unmardetrasteros\/wp-content\/uploads\/2022\/12\/image_67192065-768x1024.jpg 768w, https:\/\/www.unmardetrasteros.com\/unmardetrasteros\/wp-content\/uploads\/2022\/12\/image_67192065-225x300.jpg 225w, https:\/\/www.unmardetrasteros.com\/unmardetrasteros\/wp-content\/uploads\/2022\/12\/image_67192065-1152x1536.jpg 1152w, https:\/\/www.unmardetrasteros.com\/unmardetrasteros\/wp-content\/uploads\/2022\/12\/image_67192065-1536x2048.jpg 1536w, https:\/\/www.unmardetrasteros.com\/unmardetrasteros\/wp-content\/uploads\/2022\/12\/image_67192065-scaled.jpg 1920w\" sizes=\"auto, (max-width: 768px) 100vw, 768px\" \/><\/figure>\n\n\n\n<figure class=\"wp-block-image size-large\"><img loading=\"lazy\" decoding=\"async\" width=\"768\" height=\"1024\" data-id=\"17\" src=\"https:\/\/www.unmardetrasteros.com\/unmardetrasteros\/wp-content\/uploads\/2022\/12\/image_67183361-768x1024.jpg\" alt=\"\" class=\"wp-image-17\" srcset=\"https:\/\/www.unmardetrasteros.com\/unmardetrasteros\/wp-content\/uploads\/2022\/12\/image_67183361-768x1024.jpg 768w, https:\/\/www.unmardetrasteros.com\/unmardetrasteros\/wp-content\/uploads\/2022\/12\/image_67183361-225x300.jpg 225w, https:\/\/www.unmardetrasteros.com\/unmardetrasteros\/wp-content\/uploads\/2022\/12\/image_67183361-1152x1536.jpg 1152w, https:\/\/www.unmardetrasteros.com\/unmardetrasteros\/wp-content\/uploads\/2022\/12\/image_67183361-1536x2048.jpg 1536w, https:\/\/www.unmardetrasteros.com\/unmardetrasteros\/wp-content\/uploads\/2022\/12\/image_67183361-scaled.jpg 1920w\" sizes=\"auto, (max-width: 768px) 100vw, 768px\" \/><\/figure>\n\n\n\n<figure class=\"wp-block-image size-large\"><img loading=\"lazy\" decoding=\"async\" width=\"768\" height=\"1024\" data-id=\"22\" src=\"https:\/\/www.unmardetrasteros.com\/unmardetrasteros\/wp-content\/uploads\/2022\/12\/image_67182337-768x1024.jpg\" alt=\"\" class=\"wp-image-22\" srcset=\"https:\/\/www.unmardetrasteros.com\/unmardetrasteros\/wp-content\/uploads\/2022\/12\/image_67182337-768x1024.jpg 768w, https:\/\/www.unmardetrasteros.com\/unmardetrasteros\/wp-content\/uploads\/2022\/12\/image_67182337-225x300.jpg 225w, https:\/\/www.unmardetrasteros.com\/unmardetrasteros\/wp-content\/uploads\/2022\/12\/image_67182337-1152x1536.jpg 1152w, https:\/\/www.unmardetrasteros.com\/unmardetrasteros\/wp-content\/uploads\/2022\/12\/image_67182337-1536x2048.jpg 1536w, https:\/\/www.unmardetrasteros.com\/unmardetrasteros\/wp-content\/uploads\/2022\/12\/image_67182337-scaled.jpg 1920w\" sizes=\"auto, (max-width: 768px) 100vw, 768px\" \/><\/figure>\n\n\n\n<figure class=\"wp-block-image size-large\"><img loading=\"lazy\" decoding=\"async\" width=\"768\" height=\"1024\" data-id=\"18\" src=\"https:\/\/www.unmardetrasteros.com\/unmardetrasteros\/wp-content\/uploads\/2022\/12\/image_67180801-768x1024.jpg\" alt=\"\" class=\"wp-image-18\" srcset=\"https:\/\/www.unmardetrasteros.com\/unmardetrasteros\/wp-content\/uploads\/2022\/12\/image_67180801-768x1024.jpg 768w, https:\/\/www.unmardetrasteros.com\/unmardetrasteros\/wp-content\/uploads\/2022\/12\/image_67180801-225x300.jpg 225w, https:\/\/www.unmardetrasteros.com\/unmardetrasteros\/wp-content\/uploads\/2022\/12\/image_67180801-1152x1536.jpg 1152w, https:\/\/www.unmardetrasteros.com\/unmardetrasteros\/wp-content\/uploads\/2022\/12\/image_67180801-1536x2048.jpg 1536w, https:\/\/www.unmardetrasteros.com\/unmardetrasteros\/wp-content\/uploads\/2022\/12\/image_67180801-scaled.jpg 1920w\" sizes=\"auto, (max-width: 768px) 100vw, 768px\" \/><\/figure>\n\n\n\n<figure class=\"wp-block-image size-large\"><img loading=\"lazy\" decoding=\"async\" width=\"768\" height=\"1024\" data-id=\"20\" src=\"https:\/\/www.unmardetrasteros.com\/unmardetrasteros\/wp-content\/uploads\/2022\/12\/image_67155201-768x1024.jpg\" alt=\"\" class=\"wp-image-20\" srcset=\"https:\/\/www.unmardetrasteros.com\/unmardetrasteros\/wp-content\/uploads\/2022\/12\/image_67155201-768x1024.jpg 768w, https:\/\/www.unmardetrasteros.com\/unmardetrasteros\/wp-content\/uploads\/2022\/12\/image_67155201-225x300.jpg 225w, https:\/\/www.unmardetrasteros.com\/unmardetrasteros\/wp-content\/uploads\/2022\/12\/image_67155201-1152x1536.jpg 1152w, https:\/\/www.unmardetrasteros.com\/unmardetrasteros\/wp-content\/uploads\/2022\/12\/image_67155201-1536x2048.jpg 1536w, https:\/\/www.unmardetrasteros.com\/unmardetrasteros\/wp-content\/uploads\/2022\/12\/image_67155201-scaled.jpg 1920w\" sizes=\"auto, (max-width: 768px) 100vw, 768px\" \/><\/figure>\n<\/figure>\n\n\n\n<div class=\"wp-block-group\"><div class=\"wp-block-group__inner-container is-layout-constrained wp-block-group-is-layout-constrained\">\n<div class=\"wp-block-columns is-layout-flex wp-container-core-columns-is-layout-9d6595d7 wp-block-columns-is-layout-flex\">\n<div class=\"wp-block-column is-layout-flow wp-block-column-is-layout-flow\" style=\"flex-basis:100%\">\n<ul class=\"wp-block-list\">\n<li><\/li>\n<\/ul>\n\n\n\n<p>Los trasteros son ideales para guardar de forma segura objetos dom\u00e9sticos que estorban y se acumulan en casa. En nuestros trasteros podr\u00e1s disponer de ellos en cualquier momento y puedes alargarlo lo que t\u00fa necesites. Pregunta en nuestro tel\u00e9fono de contacto.<\/p>\n<\/div>\n<\/div>\n<\/div><\/div>\n","protected":false},"excerpt":{"rendered":"<p>Protege tus propiedades en una sofisticada unidad de almacenamiento vigilada las 24 horas del d\u00eda todos los d\u00edas del a\u00f1o con tranquilidad. Los trasteros son ideales para guardar de forma segura objetos dom\u00e9sticos que estorban y se acumulan en casa. En nuestros trasteros podr\u00e1s disponer de ellos en cualquier momento y puedes alargarlo lo que &hellip; <\/p>\n<p class=\"link-more\"><a href=\"https:\/\/www.unmardetrasteros.com\/unmardetrasteros\/index.php\/nuestros-servicios\/\" class=\"more-link\">Read more<span class=\"screen-reader-text\"> &#8220;Nuestros servicios&#8221;<\/span><\/a><\/p>\n","protected":false},"author":1,"featured_media":0,"parent":0,"menu_order":0,"comment_status":"closed","ping_status":"closed","template":"","meta":{"footnotes":""},"class_list":["post-65","page","type-page","status-publish","hentry"],"_links":{"self":[{"href":"https:\/\/www.unmardetrasteros.com\/unmardetrasteros\/index.php\/wp-json\/wp\/v2\/pages\/65","targetHints":{"allow":["GET"]}}],"collection":[{"href":"https:\/\/www.unmardetrasteros.com\/unmardetrasteros\/index.php\/wp-json\/wp\/v2\/pages"}],"about":[{"href":"https:\/\/www.unmardetrasteros.com\/unmardetrasteros\/index.php\/wp-json\/wp\/v2\/types\/page"}],"author":[{"embeddable":true,"href":"https:\/\/www.unmardetrasteros.com\/unmardetrasteros\/index.php\/wp-json\/wp\/v2\/users\/1"}],"replies":[{"embeddable":true,"href":"https:\/\/www.unmardetrasteros.com\/unmardetrasteros\/index.php\/wp-json\/wp\/v2\/comments?post=65"}],"version-history":[{"count":5,"href":"https:\/\/www.unmardetrasteros.com\/unmardetrasteros\/index.php\/wp-json\/wp\/v2\/pages\/65\/revisions"}],"predecessor-version":[{"id":100,"href":"https:\/\/www.unmardetrasteros.com\/unmardetrasteros\/index.php\/wp-json\/wp\/v2\/pages\/65\/revisions\/100"}],"wp:attachment":[{"href":"https:\/\/www.unmardetrasteros.com\/unmardetrasteros\/index.php\/wp-json\/wp\/v2\/media?parent=65"}],"curies":[{"name":"wp","href":"https:\/\/api.w.org\/{rel}","templated":true}]}}