{"id":137,"date":"2023-09-21T08:47:51","date_gmt":"2023-09-21T08:47:51","guid":{"rendered":"https:\/\/www.unmardetrasteros.com\/unmardetrasteros\/index.php\/personalizar-cookies\/"},"modified":"2023-09-21T08:47:51","modified_gmt":"2023-09-21T08:47:51","slug":"personalizar-cookies","status":"publish","type":"page","link":"https:\/\/www.unmardetrasteros.com\/unmardetrasteros\/index.php\/personalizar-cookies\/","title":{"rendered":"Personalizar Cookies"},"content":{"rendered":"\n<div>\n      <div id=\"custom-cookies-eu-label\">\n\n        Nosotros y terceros seleccionados utilizamos cookies o tecnolog\u00edas similares con fines t\u00e9cnicos y, con su consentimiento, para las finalidades de funcionalidad, experiencia, medici\u00f3n y marketing (anuncios personalizados). Denegar el consentimiento puede provocar que las caracter\u00edsticas relacionadas no est\u00e9n disponibles.\r\nUsted es libre de otorgar, denegar o revocar su consentimiento en cualquier momento.\r\n\r\nUtilice el bot\u00f3n \u201cAceptar todo\u201d para dar su consentimiento. Utilice el bot\u00f3n \u201cRechazar todo\u201d para continuar sin aceptar.\n          &nbsp;&nbsp;\n          <a target=\"_blank\" id=\"cookies-eu-more\" rel=\"nofollow\" href=\"https:\/\/www.unmardetrasteros.com\/unmardetrasteros\/index.php\/politica-de-cookies\/\">M\u00e1s informaci\u00f3n<\/a>\n      <\/div>\n\n      <div id=\"custom-cookies-eu-buttons\" class=\"cookies-eu-buttons\">\n        <button id=\"custom-cookies-eu-reject\" class=\"cookies-eu-reject\">Rechazar<\/button>\n        <button id=\"custom-cookies-eu-accept\" class=\"cookies-eu-accept\">ACEPTAR TODAS LAS COOKIES<\/button><\/div>\n      <\/div>\n\n<br\/>\n<p>\n\tPuedes cambiar tus preferencias de cookies en cualquier momento si vuelves a la p\u00e1gina de Personalizar cookies, a la que puedes acceder a trav\u00e9s del Aviso de cookies. Para obtener m\u00e1s informaci\u00f3n sobre las cookies y c\u00f3mo las usamos, consulta la p\u00e1gina de <a href=\"https:\/\/www.unmardetrasteros.com\/unmardetrasteros\/index.php\/politica-de-cookies\/\">Pol\u00edtica de Cookies<\/a>.\n<\/p>\n\n<h3>Cookies t\u00e9cnicas<\/h3>\n<p>\n\tSon aquellas que permiten a los usuarios registrados navegar a trav\u00e9s del sitio Web, del \u00e1rea restringida y a utilizar sus diferentes funciones, como por ejemplo, el sistema de comentarios o el buscador y no pueden ser desactivadas.\n<\/p>\n\n\n","protected":false},"excerpt":{"rendered":"<p>Nosotros y terceros seleccionados utilizamos cookies o tecnolog\u00edas similares con fines t\u00e9cnicos y, con su consentimiento, para las finalidades de funcionalidad, experiencia, medici\u00f3n y marketing (anuncios personalizados). Denegar el consentimiento puede provocar que las caracter\u00edsticas relacionadas no est\u00e9n disponibles. Usted es libre de otorgar, denegar o revocar su consentimiento en cualquier momento. Utilice el bot\u00f3n &hellip; <\/p>\n<p class=\"link-more\"><a href=\"https:\/\/www.unmardetrasteros.com\/unmardetrasteros\/index.php\/personalizar-cookies\/\" class=\"more-link\">Read more<span class=\"screen-reader-text\"> &#8220;Personalizar Cookies&#8221;<\/span><\/a><\/p>\n","protected":false},"author":1,"featured_media":0,"parent":0,"menu_order":0,"comment_status":"closed","ping_status":"closed","template":"","meta":{"footnotes":""},"class_list":["post-137","page","type-page","status-publish","hentry"],"_links":{"self":[{"href":"https:\/\/www.unmardetrasteros.com\/unmardetrasteros\/index.php\/wp-json\/wp\/v2\/pages\/137","targetHints":{"allow":["GET"]}}],"collection":[{"href":"https:\/\/www.unmardetrasteros.com\/unmardetrasteros\/index.php\/wp-json\/wp\/v2\/pages"}],"about":[{"href":"https:\/\/www.unmardetrasteros.com\/unmardetrasteros\/index.php\/wp-json\/wp\/v2\/types\/page"}],"author":[{"embeddable":true,"href":"https:\/\/www.unmardetrasteros.com\/unmardetrasteros\/index.php\/wp-json\/wp\/v2\/users\/1"}],"replies":[{"embeddable":true,"href":"https:\/\/www.unmardetrasteros.com\/unmardetrasteros\/index.php\/wp-json\/wp\/v2\/comments?post=137"}],"version-history":[{"count":0,"href":"https:\/\/www.unmardetrasteros.com\/unmardetrasteros\/index.php\/wp-json\/wp\/v2\/pages\/137\/revisions"}],"wp:attachment":[{"href":"https:\/\/www.unmardetrasteros.com\/unmardetrasteros\/index.php\/wp-json\/wp\/v2\/media?parent=137"}],"curies":[{"name":"wp","href":"https:\/\/api.w.org\/{rel}","templated":true}]}}