{"id":107,"date":"2023-09-21T05:32:07","date_gmt":"2023-09-21T05:32:07","guid":{"rendered":"https:\/\/www.unmardetrasteros.com\/unmardetrasteros\/?page_id=107"},"modified":"2023-09-21T07:08:48","modified_gmt":"2023-09-21T07:08:48","slug":"lopd","status":"publish","type":"page","link":"https:\/\/www.unmardetrasteros.com\/unmardetrasteros\/index.php\/lopd\/","title":{"rendered":"Ley de protecci\u00f3n de datos."},"content":{"rendered":"\n<p>El Reglamento Europeo de Protecci\u00f3n de Datos se enmarca dentro de la legislaci\u00f3n para la protecci\u00f3n y control de nuestros datos personales, un derecho fundamental que poseen todas las personas. As\u00ed, se evita que nuestros datos personales sean usados para vulnerar nuestra intimidad y otros derechos fundamentales y libertades.<\/p>\n\n\n\n<p>En Espa\u00f1a la\u00a0<strong>Ley de Protecci\u00f3n de Datos<\/strong>\u00a0lleva activa desde el a\u00f1o 2000, y su nombre completo es Ley Org\u00e1nica 15\/1999 de 13 de diciembre de Protecci\u00f3n de Datos de Car\u00e1cter Personal. Se fundamenta en el art\u00edculo 18 de la constituci\u00f3n espa\u00f1ola sobre el derecho a la intimidad familiar y personal y el secreto de las comunicaciones.<\/p>\n\n\n\n<p>Dentro de los datos personales existen datos y ficheros con distintos niveles de seguridad: bajo, medio y alto, y cada uno de ellos debe ir acompa\u00f1ado de distintas medidas de seguridad. Por ello, la Ley de Protecci\u00f3n de Datos en Espa\u00f1a, obliga a todas aquellas personas, empresas u organismos (p\u00fablicos o privados) que por sus actividades dispongan de datos y archivos de car\u00e1cter personal, a cumplir con una serie de requisitos y medidas de seguridad.<\/p>\n\n\n\n<p>En <strong>www.unmardetrasteros.com<\/strong> contamos con documentos individualizados para poder realizar esta funci\u00f3n.<\/p>\n\n\n\n<p><\/p>\n\n\n\n<p><a href=\"http:\/\/www.unmardetrasteros.com\/unmardetrasteros\/wp-content\/uploads\/2023\/09\/lssi_desestimientoweb_MARIA-DEL-MAR-GALINDO-FERNANDEZ.pdf\">Derecho a desistimiento<\/a><\/p>\n\n\n\n<p><a href=\"http:\/\/www.unmardetrasteros.com\/unmardetrasteros\/wp-content\/uploads\/2023\/09\/lssi_comercioelectronico_MARIA-DEL-MAR-GALINDO-FERNANDEZ.pdf\">T\u00e9rminos y condiciones de compra<\/a><\/p>\n\n\n\n<p><a href=\"http:\/\/www.unmardetrasteros.com\/unmardetrasteros\/wp-content\/uploads\/2023\/09\/lssi_avisocookies_MARIA-DEL-MAR-GALINDO-FERNANDEZ-1.pdf\">Aviso de cookies<\/a><\/p>\n\n\n\n<p><a href=\"http:\/\/www.unmardetrasteros.com\/unmardetrasteros\/wp-content\/uploads\/2023\/09\/lssi_avisocookies_MARIA-DEL-MAR-GALINDO-FERNANDEZ-1.pdf\">Pol\u00edtica de privacidad y aviso legal<\/a><strong> <\/strong><\/p>\n\n\n\n<p><a href=\"http:\/\/www.unmardetrasteros.com\/unmardetrasteros\/wp-content\/uploads\/2023\/09\/lssi_firmacorreo_MARIA-DEL-MAR-GALINDO-FERNANDEZ.pdf\">Firma correo electr\u00f3nico<\/a><\/p>\n\n\n\n<p><a href=\"http:\/\/www.unmardetrasteros.com\/unmardetrasteros\/wp-content\/uploads\/2023\/09\/lssi_formularioweb_MARIA-DEL-MAR-GALINDO-FERNANDEZ.pdf\">Documento Informaci\u00f3n y consentimiento en formularios Web<\/a><\/p>\n\n\n\n<p><a href=\"http:\/\/www.unmardetrasteros.com\/unmardetrasteros\/wp-content\/uploads\/2023\/09\/lssi_politicacookies_MARIA-DEL-MAR-GALINDO-FERNANDEZ.pdf\">Pol\u00edtica de cookies<\/a><\/p>\n\n\n\n<p><\/p>\n\n\n\n<p><\/p>\n","protected":false},"excerpt":{"rendered":"<p>El Reglamento Europeo de Protecci\u00f3n de Datos se enmarca dentro de la legislaci\u00f3n para la protecci\u00f3n y control de nuestros datos personales, un derecho fundamental que poseen todas las personas. As\u00ed, se evita que nuestros datos personales sean usados para vulnerar nuestra intimidad y otros derechos fundamentales y libertades. En Espa\u00f1a la\u00a0Ley de Protecci\u00f3n de &hellip; <\/p>\n<p class=\"link-more\"><a href=\"https:\/\/www.unmardetrasteros.com\/unmardetrasteros\/index.php\/lopd\/\" class=\"more-link\">Read more<span class=\"screen-reader-text\"> &#8220;Ley de protecci\u00f3n de datos.&#8221;<\/span><\/a><\/p>\n","protected":false},"author":1,"featured_media":0,"parent":0,"menu_order":0,"comment_status":"closed","ping_status":"closed","template":"","meta":{"footnotes":""},"class_list":["post-107","page","type-page","status-publish","hentry"],"_links":{"self":[{"href":"https:\/\/www.unmardetrasteros.com\/unmardetrasteros\/index.php\/wp-json\/wp\/v2\/pages\/107","targetHints":{"allow":["GET"]}}],"collection":[{"href":"https:\/\/www.unmardetrasteros.com\/unmardetrasteros\/index.php\/wp-json\/wp\/v2\/pages"}],"about":[{"href":"https:\/\/www.unmardetrasteros.com\/unmardetrasteros\/index.php\/wp-json\/wp\/v2\/types\/page"}],"author":[{"embeddable":true,"href":"https:\/\/www.unmardetrasteros.com\/unmardetrasteros\/index.php\/wp-json\/wp\/v2\/users\/1"}],"replies":[{"embeddable":true,"href":"https:\/\/www.unmardetrasteros.com\/unmardetrasteros\/index.php\/wp-json\/wp\/v2\/comments?post=107"}],"version-history":[{"count":10,"href":"https:\/\/www.unmardetrasteros.com\/unmardetrasteros\/index.php\/wp-json\/wp\/v2\/pages\/107\/revisions"}],"predecessor-version":[{"id":134,"href":"https:\/\/www.unmardetrasteros.com\/unmardetrasteros\/index.php\/wp-json\/wp\/v2\/pages\/107\/revisions\/134"}],"wp:attachment":[{"href":"https:\/\/www.unmardetrasteros.com\/unmardetrasteros\/index.php\/wp-json\/wp\/v2\/media?parent=107"}],"curies":[{"name":"wp","href":"https:\/\/api.w.org\/{rel}","templated":true}]}}